{"id":31,"date":"2021-12-30T17:40:03","date_gmt":"2021-12-30T16:40:03","guid":{"rendered":"https:\/\/www.vyfabriken.se\/?page_id=31"},"modified":"2022-01-02T11:42:21","modified_gmt":"2022-01-02T10:42:21","slug":"home","status":"publish","type":"page","link":"https:\/\/www.vyfabriken.se\/","title":{"rendered":"Start"},"content":{"rendered":"\t\t<div data-elementor-type=\"wp-page\" data-elementor-id=\"31\" class=\"elementor elementor-31\">\n\t\t\t\t\t\t<section class=\"elementor-section elementor-top-section elementor-element elementor-element-6883ab9 elementor-section-height-min-height elementor-section-boxed elementor-section-height-default elementor-section-items-middle\" data-id=\"6883ab9\" data-element_type=\"section\" data-e-type=\"section\" data-settings=\"{&quot;background_background&quot;:&quot;video&quot;,&quot;background_video_link&quot;:&quot;https:\\\/\\\/www.vyfabriken.se\\\/migr\\\/wp-content\\\/uploads\\\/2021\\\/12\\\/vf_bg_slow.mp4&quot;}\">\n\t\t\t\t\t\t\t\t<div class=\"elementor-background-video-container elementor-hidden-mobile\">\n\t\t\t\t\t\t\t\t\t\t\t\t\t<video class=\"elementor-background-video-hosted\" role=\"presentation\" autoplay muted playsinline loop><\/video>\n\t\t\t\t\t\t\t\t\t\t\t<\/div>\n\t\t\t\t\t\t\t\t<div class=\"elementor-container elementor-column-gap-default\">\n\t\t\t\t\t<div class=\"elementor-column elementor-col-100 elementor-top-column elementor-element elementor-element-a7ebfdf\" data-id=\"a7ebfdf\" data-element_type=\"column\" data-e-type=\"column\">\n\t\t\t<div class=\"elementor-widget-wrap\">\n\t\t\t\t\t\t\t<\/div>\n\t\t<\/div>\n\t\t\t\t\t<\/div>\n\t\t<\/section>\n\t\t\t\t<\/div>\n\t\t","protected":false},"excerpt":{"rendered":"<p>M\u00e4klarfoto och film En av de viktigaste faktorerna vid f\u00f6rs\u00e4ljning av fastigheter \u00e4r l\u00e4get. D\u00e4rf\u00f6r \u00e4r det ov\u00e4rdeligt att kunna presentera och visualisera en attraktiv omgivning fr\u00e5n ett helikopterperspektiv, oavsett om det \u00e4r stillbilder eller film. Fastighetsprojektering Vid framtagning av presentationsmaterial f\u00f6r nya byggnader och bostadskomplex \u00e4r det v\u00e4rdefullt att kunna \u00e5sk\u00e5dligg\u00f6ra vyer och utsikter &hellip; <\/p>\n<p class=\"link-more\"><a href=\"https:\/\/www.vyfabriken.se\/\" class=\"more-link\">L\u00e4s mer<span class=\"screen-reader-text\"> \u201dStart\u201d<\/span><\/a><\/p>\n","protected":false},"author":1,"featured_media":0,"parent":0,"menu_order":0,"comment_status":"closed","ping_status":"closed","template":"","meta":{"inspiro_hide_title":false,"footnotes":""},"class_list":["post-31","page","type-page","status-publish","hentry"],"_links":{"self":[{"href":"https:\/\/www.vyfabriken.se\/index.php\/wp-json\/wp\/v2\/pages\/31","targetHints":{"allow":["GET"]}}],"collection":[{"href":"https:\/\/www.vyfabriken.se\/index.php\/wp-json\/wp\/v2\/pages"}],"about":[{"href":"https:\/\/www.vyfabriken.se\/index.php\/wp-json\/wp\/v2\/types\/page"}],"author":[{"embeddable":true,"href":"https:\/\/www.vyfabriken.se\/index.php\/wp-json\/wp\/v2\/users\/1"}],"replies":[{"embeddable":true,"href":"https:\/\/www.vyfabriken.se\/index.php\/wp-json\/wp\/v2\/comments?post=31"}],"version-history":[{"count":32,"href":"https:\/\/www.vyfabriken.se\/index.php\/wp-json\/wp\/v2\/pages\/31\/revisions"}],"predecessor-version":[{"id":241,"href":"https:\/\/www.vyfabriken.se\/index.php\/wp-json\/wp\/v2\/pages\/31\/revisions\/241"}],"wp:attachment":[{"href":"https:\/\/www.vyfabriken.se\/index.php\/wp-json\/wp\/v2\/media?parent=31"}],"curies":[{"name":"wp","href":"https:\/\/api.w.org\/{rel}","templated":true}]}}