{"id":201,"date":"2022-01-01T17:25:16","date_gmt":"2022-01-01T16:25:16","guid":{"rendered":"https:\/\/www.vyfabriken.se\/?page_id=201"},"modified":"2022-09-27T11:28:07","modified_gmt":"2022-09-27T09:28:07","slug":"panorama","status":"publish","type":"page","link":"https:\/\/www.vyfabriken.se\/index.php\/panorama\/","title":{"rendered":"Panorama"},"content":{"rendered":"\n<p>Panoramabilder \u00e4r ett utm\u00e4rkt s\u00e4tt att \u00e5terge en viss milj\u00f6 eller omgivning samt att kunna \u00e5sk\u00e5dligg\u00f6ra utsikter och vyer fr\u00e5n t ex ett planerat h\u00f6ghus.<\/p>\n\n\n\n<div class=\"wp-block-columns is-layout-flex wp-container-core-columns-is-layout-28f84493 wp-block-columns-is-layout-flex\">\n<div class=\"wp-block-column is-layout-flow wp-block-column-is-layout-flow\" style=\"flex-basis:66.66%\">\n<iframe allowfullscreen=\"\" height=\"520\" src=\"https:\/\/www.vyfabriken.se\/external-resources\/panorama\/pannellum.htm?panorama=https:\/\/www.vyfabriken.se\/external-resources\/panorama\/images\/skarpang-hires.jpg&amp;title=Vyfabriken%20AB&amp;author=Bj\u00f6rn%20Smith&amp;preview=https:\/\/www.vyfabriken.se\/external-resources\/panorama\/images\/skarpang-preview.jpg&amp;maxPitch=50\" style=\"border-style:none;\" width=\"640\"><\/iframe>\n<\/div>\n\n\n\n<div class=\"wp-block-column is-layout-flow wp-block-column-is-layout-flow\" style=\"flex-basis:33.33%\">\n<p>Panoramabilder skapas oftast med perspektivvy, cylindrisk eller sf\u00e4risk.<\/p>\n\n\n\n<p>En panoramabild med h\u00f6g&nbsp;uppl\u00f6sning blir mycket stor och tar d\u00e4rf\u00f6r en viss tid att ladda ner.<\/p>\n\n\n\n<ul class=\"my-drop-shadow has-background wp-block-list\" style=\"background-color:#cacaca;font-size:14px\"><li><strong>Klicka och dra musen upp\/ner och \u00e5t sidan eller anv\u00e4nd piltangenterna f\u00f6r att panorera modellen.<\/strong><\/li><li><strong>Anv\u00e4nd scroll-hjulet (eller shift\/ctrl-tangenterna) f\u00f6r att zooma in och ut.<\/strong><\/li><li><strong>Klicka p\u00e5 symbolen&nbsp;<\/strong><img decoding=\"async\" src=\"https:\/\/www.vyfabriken.se\/application\/files\/4814\/8803\/8331\/Screen_Shot_2017-02-20_at_11.27.49.png\" alt=\"\" width=\"28\" height=\"28\">&nbsp;<strong>p\u00e5 bilden<\/strong>&nbsp;<strong>f\u00f6r fullsk\u00e4rmsvisning.<\/strong><\/li><\/ul>\n<\/div>\n<\/div>\n","protected":false},"excerpt":{"rendered":"<p>Panoramabilder \u00e4r ett utm\u00e4rkt s\u00e4tt att \u00e5terge en viss milj\u00f6 eller omgivning samt att kunna \u00e5sk\u00e5dligg\u00f6ra utsikter och vyer fr\u00e5n t ex ett planerat h\u00f6ghus. Panoramabilder skapas oftast med perspektivvy, cylindrisk eller sf\u00e4risk. En panoramabild med h\u00f6g&nbsp;uppl\u00f6sning blir mycket stor och tar d\u00e4rf\u00f6r en viss tid att ladda ner. Klicka och dra musen upp\/ner och &hellip; <\/p>\n<p class=\"link-more\"><a href=\"https:\/\/www.vyfabriken.se\/index.php\/panorama\/\" class=\"more-link\">L\u00e4s mer<span class=\"screen-reader-text\"> \u201dPanorama\u201d<\/span><\/a><\/p>\n","protected":false},"author":1,"featured_media":213,"parent":0,"menu_order":0,"comment_status":"closed","ping_status":"closed","template":"","meta":{"inspiro_hide_title":false,"footnotes":""},"class_list":["post-201","page","type-page","status-publish","has-post-thumbnail","hentry"],"_links":{"self":[{"href":"https:\/\/www.vyfabriken.se\/index.php\/wp-json\/wp\/v2\/pages\/201","targetHints":{"allow":["GET"]}}],"collection":[{"href":"https:\/\/www.vyfabriken.se\/index.php\/wp-json\/wp\/v2\/pages"}],"about":[{"href":"https:\/\/www.vyfabriken.se\/index.php\/wp-json\/wp\/v2\/types\/page"}],"author":[{"embeddable":true,"href":"https:\/\/www.vyfabriken.se\/index.php\/wp-json\/wp\/v2\/users\/1"}],"replies":[{"embeddable":true,"href":"https:\/\/www.vyfabriken.se\/index.php\/wp-json\/wp\/v2\/comments?post=201"}],"version-history":[{"count":12,"href":"https:\/\/www.vyfabriken.se\/index.php\/wp-json\/wp\/v2\/pages\/201\/revisions"}],"predecessor-version":[{"id":291,"href":"https:\/\/www.vyfabriken.se\/index.php\/wp-json\/wp\/v2\/pages\/201\/revisions\/291"}],"wp:featuredmedia":[{"embeddable":true,"href":"https:\/\/www.vyfabriken.se\/index.php\/wp-json\/wp\/v2\/media\/213"}],"wp:attachment":[{"href":"https:\/\/www.vyfabriken.se\/index.php\/wp-json\/wp\/v2\/media?parent=201"}],"curies":[{"name":"wp","href":"https:\/\/api.w.org\/{rel}","templated":true}]}}