{"id":186,"date":"2022-01-01T16:47:19","date_gmt":"2022-01-01T15:47:19","guid":{"rendered":"https:\/\/www.vyfabriken.se\/?page_id=186"},"modified":"2026-02-22T14:40:55","modified_gmt":"2026-02-22T13:40:55","slug":"film-fran-luften","status":"publish","type":"page","link":"https:\/\/www.vyfabriken.se\/index.php\/film-fran-luften\/","title":{"rendered":"Film fr\u00e5n luften"},"content":{"rendered":"\t\t<div data-elementor-type=\"wp-page\" data-elementor-id=\"186\" class=\"elementor elementor-186\">\n\t\t\t\t\t\t<section class=\"elementor-section elementor-top-section elementor-element elementor-element-3b94d8e2 elementor-section-boxed elementor-section-height-default elementor-section-height-default\" data-id=\"3b94d8e2\" data-element_type=\"section\" data-e-type=\"section\">\n\t\t\t\t\t\t<div class=\"elementor-container elementor-column-gap-default\">\n\t\t\t\t\t<div class=\"elementor-column elementor-col-100 elementor-top-column elementor-element elementor-element-1fe4a853\" data-id=\"1fe4a853\" data-element_type=\"column\" data-e-type=\"column\">\n\t\t\t<div class=\"elementor-widget-wrap elementor-element-populated\">\n\t\t\t\t\t\t<div class=\"elementor-element elementor-element-6a31bbe elementor-widget elementor-widget-text-editor\" data-id=\"6a31bbe\" data-element_type=\"widget\" data-e-type=\"widget\" data-widget_type=\"text-editor.default\">\n\t\t\t\t<div class=\"elementor-widget-container\">\n\t\t\t\t\t\t\t\t\t<p>Med r\u00f6rliga bilder fr\u00e5n luften har man m\u00f6jlighet att ge en presentation eller f\u00f6rs\u00e4ljningsprospekt ytterligare en dimension. Tekniken l\u00e4mpar sig \u00e4ven v\u00e4l f\u00f6r kartl\u00e4ggning och inspektion av sv\u00e5rtillg\u00e4ngliga platser och objekt.\u00a0Vi filmar i de flesta uppl\u00f6sningar\u00a0upp till 4k och Ultra HD.<\/p>\t\t\t\t\t\t\t\t<\/div>\n\t\t\t\t<\/div>\n\t\t\t\t<div class=\"elementor-element elementor-element-d8908a9 elementor-widget elementor-widget-video\" data-id=\"d8908a9\" data-element_type=\"widget\" data-e-type=\"widget\" data-settings=\"{&quot;video_type&quot;:&quot;hosted&quot;,&quot;play_on_mobile&quot;:&quot;yes&quot;,&quot;autoplay&quot;:&quot;yes&quot;,&quot;controls&quot;:&quot;yes&quot;}\" data-widget_type=\"video.default\">\n\t\t\t\t<div class=\"elementor-widget-container\">\n\t\t\t\t\t\t\t<div class=\"e-hosted-video elementor-wrapper elementor-open-inline\">\n\t\t\t\t\t<video class=\"elementor-video\" src=\"https:\/\/www.vyfabriken.se\/wp-content\/uploads\/2026\/02\/Viggbyholm-4k.mp4\" autoplay=\"\" controls=\"\" playsinline=\"\" controlsList=\"nodownload\"><\/video>\n\t\t\t\t<\/div>\n\t\t\t\t\t\t<\/div>\n\t\t\t\t<\/div>\n\t\t\t\t<div class=\"elementor-element elementor-element-ae4a2b7 elementor-widget elementor-widget-video\" data-id=\"ae4a2b7\" data-element_type=\"widget\" data-e-type=\"widget\" data-settings=\"{&quot;video_type&quot;:&quot;hosted&quot;,&quot;controls&quot;:&quot;yes&quot;}\" data-widget_type=\"video.default\">\n\t\t\t\t<div class=\"elementor-widget-container\">\n\t\t\t\t\t\t\t<div class=\"e-hosted-video elementor-wrapper elementor-open-inline\">\n\t\t\t\t\t<video class=\"elementor-video\" src=\"https:\/\/www.vyfabriken.se\/wp-content\/uploads\/2026\/02\/vintervy_4k_v1-2160p.mp4\" controls=\"\" preload=\"metadata\" controlsList=\"nodownload\"><\/video>\n\t\t\t\t<\/div>\n\t\t\t\t\t\t<\/div>\n\t\t\t\t<\/div>\n\t\t\t\t<div class=\"elementor-element elementor-element-334e228 elementor-widget elementor-widget-video\" data-id=\"334e228\" data-element_type=\"widget\" data-e-type=\"widget\" data-settings=\"{&quot;video_type&quot;:&quot;hosted&quot;,&quot;controls&quot;:&quot;yes&quot;}\" data-widget_type=\"video.default\">\n\t\t\t\t<div class=\"elementor-widget-container\">\n\t\t\t\t\t\t\t<div class=\"e-hosted-video elementor-wrapper elementor-open-inline\">\n\t\t\t\t\t<video class=\"elementor-video\" src=\"https:\/\/www.vyfabriken.se\/wp-content\/uploads\/2026\/02\/solnedga\u030ang_i_halland_v1-1080p.mp4\" controls=\"\" preload=\"metadata\" controlsList=\"nodownload\"><\/video>\n\t\t\t\t<\/div>\n\t\t\t\t\t\t<\/div>\n\t\t\t\t<\/div>\n\t\t\t\t<div class=\"elementor-element elementor-element-71ff756 elementor-widget elementor-widget-video\" data-id=\"71ff756\" data-element_type=\"widget\" data-e-type=\"widget\" data-settings=\"{&quot;video_type&quot;:&quot;hosted&quot;,&quot;controls&quot;:&quot;yes&quot;}\" data-widget_type=\"video.default\">\n\t\t\t\t<div class=\"elementor-widget-container\">\n\t\t\t\t\t\t\t<div class=\"e-hosted-video elementor-wrapper elementor-open-inline\">\n\t\t\t\t\t<video class=\"elementor-video\" src=\"https:\/\/www.vyfabriken.se\/wp-content\/uploads\/2026\/02\/Show_Reel.mp4\" controls=\"\" preload=\"metadata\" controlsList=\"nodownload\"><\/video>\n\t\t\t\t<\/div>\n\t\t\t\t\t\t<\/div>\n\t\t\t\t<\/div>\n\t\t\t\t\t<\/div>\n\t\t<\/div>\n\t\t\t\t\t<\/div>\n\t\t<\/section>\n\t\t\t\t<\/div>\n\t\t","protected":false},"excerpt":{"rendered":"<p>Med r\u00f6rliga bilder fr\u00e5n luften har man m\u00f6jlighet att ge en presentation eller f\u00f6rs\u00e4ljningsprospekt ytterligare en dimension. Tekniken l\u00e4mpar sig \u00e4ven v\u00e4l f\u00f6r kartl\u00e4ggning och inspektion av sv\u00e5rtillg\u00e4ngliga platser och objekt.\u00a0Vi filmar i de flesta uppl\u00f6sningar\u00a0upp till 4k och Ultra HD. https:\/\/www.vyfabriken.se\/wp-content\/uploads\/2026\/02\/Viggbyholm-4k.mp4https:\/\/www.vyfabriken.se\/wp-content\/uploads\/2026\/02\/vintervy_4k_v1-2160p.mp4https:\/\/www.vyfabriken.se\/wp-content\/uploads\/2026\/02\/solnedga\u030ang_i_halland_v1-1080p.mp4https:\/\/www.vyfabriken.se\/wp-content\/uploads\/2026\/02\/Show_Reel.mp4<\/p>\n","protected":false},"author":1,"featured_media":189,"parent":0,"menu_order":0,"comment_status":"closed","ping_status":"closed","template":"","meta":{"inspiro_hide_title":false,"footnotes":""},"class_list":["post-186","page","type-page","status-publish","has-post-thumbnail","hentry"],"_links":{"self":[{"href":"https:\/\/www.vyfabriken.se\/index.php\/wp-json\/wp\/v2\/pages\/186","targetHints":{"allow":["GET"]}}],"collection":[{"href":"https:\/\/www.vyfabriken.se\/index.php\/wp-json\/wp\/v2\/pages"}],"about":[{"href":"https:\/\/www.vyfabriken.se\/index.php\/wp-json\/wp\/v2\/types\/page"}],"author":[{"embeddable":true,"href":"https:\/\/www.vyfabriken.se\/index.php\/wp-json\/wp\/v2\/users\/1"}],"replies":[{"embeddable":true,"href":"https:\/\/www.vyfabriken.se\/index.php\/wp-json\/wp\/v2\/comments?post=186"}],"version-history":[{"count":27,"href":"https:\/\/www.vyfabriken.se\/index.php\/wp-json\/wp\/v2\/pages\/186\/revisions"}],"predecessor-version":[{"id":330,"href":"https:\/\/www.vyfabriken.se\/index.php\/wp-json\/wp\/v2\/pages\/186\/revisions\/330"}],"wp:featuredmedia":[{"embeddable":true,"href":"https:\/\/www.vyfabriken.se\/index.php\/wp-json\/wp\/v2\/media\/189"}],"wp:attachment":[{"href":"https:\/\/www.vyfabriken.se\/index.php\/wp-json\/wp\/v2\/media?parent=186"}],"curies":[{"name":"wp","href":"https:\/\/api.w.org\/{rel}","templated":true}]}}